{"id":87,"date":"2021-09-23T13:46:00","date_gmt":"2021-09-23T10:46:00","guid":{"rendered":"http:\/\/sasomer.net\/?page_id=87"},"modified":"2021-09-23T13:53:00","modified_gmt":"2021-09-23T10:53:00","slug":"bize-ulasin","status":"publish","type":"page","link":"http:\/\/sasomer.net\/?page_id=87","title":{"rendered":"Bize ula\u015f\u0131n"},"content":{"rendered":"\n<p>Bu, adres ve telefon numaras\u0131 gibi temel ileti\u015fim bilgilerinin oldu\u011fu bir sayfad\u0131r. Ayr\u0131ca bir ileti\u015fim formu eklemek i\u00e7in bir eklenti de deneyebilirsiniz.<\/p>\n","protected":false},"excerpt":{"rendered":"<p>Bu, adres ve telefon numaras\u0131 gibi temel ileti\u015fim bilgilerinin oldu\u011fu bir sayfad\u0131r. Ayr\u0131ca bir ileti\u015fim formu eklemek i\u00e7in bir eklenti<\/p>\n","protected":false},"author":1,"featured_media":0,"parent":0,"menu_order":0,"comment_status":"closed","ping_status":"closed","template":"page-templates\/contact.php","meta":{"footnotes":""},"class_list":["post-87","page","type-page","status-publish","hentry"],"_links":{"self":[{"href":"http:\/\/sasomer.net\/index.php?rest_route=\/wp\/v2\/pages\/87","targetHints":{"allow":["GET"]}}],"collection":[{"href":"http:\/\/sasomer.net\/index.php?rest_route=\/wp\/v2\/pages"}],"about":[{"href":"http:\/\/sasomer.net\/index.php?rest_route=\/wp\/v2\/types\/page"}],"author":[{"embeddable":true,"href":"http:\/\/sasomer.net\/index.php?rest_route=\/wp\/v2\/users\/1"}],"replies":[{"embeddable":true,"href":"http:\/\/sasomer.net\/index.php?rest_route=%2Fwp%2Fv2%2Fcomments&post=87"}],"version-history":[{"count":1,"href":"http:\/\/sasomer.net\/index.php?rest_route=\/wp\/v2\/pages\/87\/revisions"}],"predecessor-version":[{"id":95,"href":"http:\/\/sasomer.net\/index.php?rest_route=\/wp\/v2\/pages\/87\/revisions\/95"}],"wp:attachment":[{"href":"http:\/\/sasomer.net\/index.php?rest_route=%2Fwp%2Fv2%2Fmedia&parent=87"}],"curies":[{"name":"wp","href":"https:\/\/api.w.org\/{rel}","templated":true}]}}